{"id":98,"date":"2019-12-19T12:03:07","date_gmt":"2019-12-19T11:03:07","guid":{"rendered":"http:\/\/www.zlobek-bobas.pl\/?page_id=98"},"modified":"2020-11-03T19:53:28","modified_gmt":"2020-11-03T18:53:28","slug":"wyprawka","status":"publish","type":"page","link":"https:\/\/www.zlobek-bobas.pl\/?page_id=98","title":{"rendered":"Wyprawka"},"content":{"rendered":"\t\t<div data-elementor-type=\"wp-page\" data-elementor-id=\"98\" class=\"elementor elementor-98\" data-elementor-settings=\"[]\">\n\t\t\t\t\t\t<div class=\"elementor-inner\">\n\t\t\t\t\t\t\t<div class=\"elementor-section-wrap\">\n\t\t\t\t\t\t\t<section class=\"elementor-section elementor-top-section elementor-element elementor-element-64664f5 elementor-section-content-middle elementor-section-boxed elementor-section-height-default elementor-section-height-default elementor-invisible\" data-id=\"64664f5\" data-element_type=\"section\" data-settings=\"{&quot;animation&quot;:&quot;fadeIn&quot;}\">\n\t\t\t\t\t\t<div class=\"elementor-container elementor-column-gap-no\">\n\t\t\t\t\t\t\t<div class=\"elementor-row\">\n\t\t\t\t\t<div class=\"elementor-column elementor-col-100 elementor-top-column elementor-element elementor-element-3d7d840\" data-id=\"3d7d840\" data-element_type=\"column\">\n\t\t\t<div class=\"elementor-column-wrap elementor-element-populated\">\n\t\t\t\t\t\t\t<div class=\"elementor-widget-wrap\">\n\t\t\t\t\t\t<div class=\"elementor-element elementor-element-9ae8f58 elementor-widget elementor-widget-heading\" data-id=\"9ae8f58\" data-element_type=\"widget\" data-widget_type=\"heading.default\">\n\t\t\t\t<div class=\"elementor-widget-container\">\n\t\t\t<h4 class=\"elementor-heading-title elementor-size-default\">Wyprawka<\/h4>\t\t<\/div>\n\t\t\t\t<\/div>\n\t\t\t\t<section class=\"elementor-section elementor-inner-section elementor-element elementor-element-0cbb355 elementor-section-content-middle elementor-section-boxed elementor-section-height-default elementor-section-height-default\" data-id=\"0cbb355\" data-element_type=\"section\">\n\t\t\t\t\t\t<div class=\"elementor-container elementor-column-gap-no\">\n\t\t\t\t\t\t\t<div class=\"elementor-row\">\n\t\t\t\t\t<div class=\"elementor-column elementor-col-100 elementor-inner-column elementor-element elementor-element-4df1382\" data-id=\"4df1382\" data-element_type=\"column\">\n\t\t\t<div class=\"elementor-column-wrap elementor-element-populated\">\n\t\t\t\t\t\t\t<div class=\"elementor-widget-wrap\">\n\t\t\t\t\t\t<div class=\"elementor-element elementor-element-7dda491 elementor-widget elementor-widget-heading\" data-id=\"7dda491\" data-element_type=\"widget\" data-widget_type=\"heading.default\">\n\t\t\t\t<div class=\"elementor-widget-container\">\n\t\t\t<h2 class=\"elementor-heading-title elementor-size-default\">Bardzo prosimy o zapewnienie Dziecku:<\/h2>\t\t<\/div>\n\t\t\t\t<\/div>\n\t\t\t\t<div class=\"elementor-element elementor-element-8a36a57 elementor-widget elementor-widget-text-editor\" data-id=\"8a36a57\" data-element_type=\"widget\" data-widget_type=\"text-editor.default\">\n\t\t\t\t<div class=\"elementor-widget-container\">\n\t\t\t\t\t<div class=\"elementor-text-editor elementor-clearfix\"><ol><li>Pantofle i worek na buty.<\/li><li>Ubranka na przebranie w razie jakiego\u015b \u201ewypadku\u201d.<\/li><li>Pampersy.<\/li><li>Ulubiona zabawka ( przytulanka ).<\/li><li>Butelka, kubek niekapek w zale\u017cno\u015bci z czego Dziecko pije.<\/li><li>Smoczek je\u015bli dziecko potrzebuje.<\/li><li>Mleko modyfikowane, je\u015bli w trakcie pobytu Dziecko b\u0119dzie pi\u0142o.<\/li><\/ol><\/div>\n\t\t\t\t<\/div>\n\t\t\t\t<\/div>\n\t\t\t\t\t\t<\/div>\n\t\t\t\t\t<\/div>\n\t\t<\/div>\n\t\t\t\t\t\t\t\t<\/div>\n\t\t\t\t\t<\/div>\n\t\t<\/section>\n\t\t\t\t<section class=\"elementor-section elementor-inner-section elementor-element elementor-element-f64c760 elementor-section-content-middle elementor-reverse-mobile elementor-section-boxed elementor-section-height-default elementor-section-height-default\" data-id=\"f64c760\" data-element_type=\"section\">\n\t\t\t\t\t\t<div class=\"elementor-container elementor-column-gap-no\">\n\t\t\t\t\t\t\t<div class=\"elementor-row\">\n\t\t\t\t\t<div class=\"elementor-column elementor-col-100 elementor-inner-column elementor-element elementor-element-ab3593a\" data-id=\"ab3593a\" data-element_type=\"column\">\n\t\t\t<div class=\"elementor-column-wrap elementor-element-populated\">\n\t\t\t\t\t\t\t<div class=\"elementor-widget-wrap\">\n\t\t\t\t\t\t<div class=\"elementor-element elementor-element-301e28d elementor-widget elementor-widget-heading\" data-id=\"301e28d\" data-element_type=\"widget\" data-widget_type=\"heading.default\">\n\t\t\t\t<div class=\"elementor-widget-container\">\n\t\t\t<h2 class=\"elementor-heading-title elementor-size-default\">Bardzo prosimy r\u00f3wnie\u017c o przyniesienie kserokopii wyniku bada\u0144 ka\u0142u na paso\u017cyty<\/h2>\t\t<\/div>\n\t\t\t\t<\/div>\n\t\t\t\t\t\t<\/div>\n\t\t\t\t\t<\/div>\n\t\t<\/div>\n\t\t\t\t\t\t\t\t<\/div>\n\t\t\t\t\t<\/div>\n\t\t<\/section>\n\t\t\t\t\t\t<\/div>\n\t\t\t\t\t<\/div>\n\t\t<\/div>\n\t\t\t\t\t\t\t\t<\/div>\n\t\t\t\t\t<\/div>\n\t\t<\/section>\n\t\t\t\t<section class=\"elementor-section elementor-top-section elementor-element elementor-element-8a9a214 elementor-section-boxed elementor-section-height-default elementor-section-height-default\" data-id=\"8a9a214\" data-element_type=\"section\">\n\t\t\t\t\t\t<div class=\"elementor-container elementor-column-gap-default\">\n\t\t\t\t\t\t\t<div class=\"elementor-row\">\n\t\t\t\t\t<div class=\"elementor-column elementor-col-100 elementor-top-column elementor-element elementor-element-76f058e\" data-id=\"76f058e\" data-element_type=\"column\">\n\t\t\t<div class=\"elementor-column-wrap elementor-element-populated\">\n\t\t\t\t\t\t\t<div class=\"elementor-widget-wrap\">\n\t\t\t\t\t\t<div class=\"elementor-element elementor-element-15fdf5d elementor-widget elementor-widget-spacer\" data-id=\"15fdf5d\" data-element_type=\"widget\" data-widget_type=\"spacer.default\">\n\t\t\t\t<div class=\"elementor-widget-container\">\n\t\t\t\t\t<div class=\"elementor-spacer\">\n\t\t\t<div class=\"elementor-spacer-inner\"><\/div>\n\t\t<\/div>\n\t\t\t\t<\/div>\n\t\t\t\t<\/div>\n\t\t\t\t\t\t<\/div>\n\t\t\t\t\t<\/div>\n\t\t<\/div>\n\t\t\t\t\t\t\t\t<\/div>\n\t\t\t\t\t<\/div>\n\t\t<\/section>\n\t\t\t\t<section class=\"elementor-section elementor-top-section elementor-element elementor-element-422c744 elementor-section-boxed elementor-section-height-default elementor-section-height-default\" data-id=\"422c744\" data-element_type=\"section\">\n\t\t\t\t\t\t<div class=\"elementor-container elementor-column-gap-default\">\n\t\t\t\t\t\t\t<div class=\"elementor-row\">\n\t\t\t\t\t<div class=\"elementor-column elementor-col-100 elementor-top-column elementor-element elementor-element-5086240\" data-id=\"5086240\" data-element_type=\"column\">\n\t\t\t<div class=\"elementor-column-wrap elementor-element-populated\">\n\t\t\t\t\t\t\t<div class=\"elementor-widget-wrap\">\n\t\t\t\t\t\t<div class=\"elementor-element elementor-element-2341786 elementor-widget elementor-widget-image\" data-id=\"2341786\" data-element_type=\"widget\" data-widget_type=\"image.default\">\n\t\t\t\t<div class=\"elementor-widget-container\">\n\t\t\t\t\t<div class=\"elementor-image\">\n\t\t\t\t\t\t\t\t\t\t<img width=\"821\" height=\"70\" src=\"https:\/\/www.zlobek-bobas.pl\/wp-content\/uploads\/2020\/11\/EFS_kolor-300dpi_RGB-1024x87.jpg\" class=\"attachment-large size-large\" alt=\"\" loading=\"lazy\" srcset=\"https:\/\/www.zlobek-bobas.pl\/wp-content\/uploads\/2020\/11\/EFS_kolor-300dpi_RGB-1024x87.jpg 1024w, https:\/\/www.zlobek-bobas.pl\/wp-content\/uploads\/2020\/11\/EFS_kolor-300dpi_RGB-300x26.jpg 300w, https:\/\/www.zlobek-bobas.pl\/wp-content\/uploads\/2020\/11\/EFS_kolor-300dpi_RGB-768x66.jpg 768w, https:\/\/www.zlobek-bobas.pl\/wp-content\/uploads\/2020\/11\/EFS_kolor-300dpi_RGB-1536x131.jpg 1536w, https:\/\/www.zlobek-bobas.pl\/wp-content\/uploads\/2020\/11\/EFS_kolor-300dpi_RGB-2048x175.jpg 2048w\" sizes=\"(max-width: 821px) 100vw, 821px\" \/>\t\t\t\t\t\t\t\t\t\t\t<\/div>\n\t\t\t\t<\/div>\n\t\t\t\t<\/div>\n\t\t\t\t\t\t<\/div>\n\t\t\t\t\t<\/div>\n\t\t<\/div>\n\t\t\t\t\t\t\t\t<\/div>\n\t\t\t\t\t<\/div>\n\t\t<\/section>\n\t\t\t\t\t\t<\/div>\n\t\t\t\t\t\t<\/div>\n\t\t\t\t\t<\/div>\n\t\t","protected":false},"excerpt":{"rendered":"<p>Wyprawka Bardzo prosimy o zapewnienie Dziecku: Pantofle i worek na buty. Ubranka na przebranie w razie jakiego\u015b \u201ewypadku\u201d. Pampersy. Ulubiona zabawka ( przytulanka ). Butelka, kubek niekapek w zale\u017cno\u015bci z czego Dziecko pije. Smoczek je\u015bli dziecko potrzebuje. Mleko modyfikowane, je\u015bli w trakcie pobytu Dziecko b\u0119dzie pi\u0142o. Bardzo prosimy r\u00f3wnie\u017c o przyniesienie kserokopii wyniku bada\u0144 ka\u0142u&hellip;<\/p>\n","protected":false},"author":1,"featured_media":0,"parent":0,"menu_order":0,"comment_status":"closed","ping_status":"closed","template":"","meta":[],"yoast_head":"<!-- This site is optimized with the Yoast SEO plugin v15.5 - https:\/\/yoast.com\/wordpress\/plugins\/seo\/ -->\n<title>Wyprawka - \u017b\u0142obek Bobas<\/title>\n<meta name=\"robots\" content=\"index, follow, max-snippet:-1, max-image-preview:large, max-video-preview:-1\" \/>\n<link rel=\"canonical\" href=\"https:\/\/www.zlobek-bobas.pl\/?page_id=98\" \/>\n<meta property=\"og:locale\" content=\"pl_PL\" \/>\n<meta property=\"og:type\" content=\"article\" \/>\n<meta property=\"og:title\" content=\"Wyprawka - \u017b\u0142obek Bobas\" \/>\n<meta property=\"og:description\" content=\"Wyprawka Bardzo prosimy o zapewnienie Dziecku: Pantofle i worek na buty. Ubranka na przebranie w razie jakiego\u015b \u201ewypadku\u201d. Pampersy. Ulubiona zabawka ( przytulanka ). Butelka, kubek niekapek w zale\u017cno\u015bci z czego Dziecko pije. Smoczek je\u015bli dziecko potrzebuje. Mleko modyfikowane, je\u015bli w trakcie pobytu Dziecko b\u0119dzie pi\u0142o. Bardzo prosimy r\u00f3wnie\u017c o przyniesienie kserokopii wyniku bada\u0144 ka\u0142u&hellip;\" \/>\n<meta property=\"og:url\" content=\"https:\/\/www.zlobek-bobas.pl\/?page_id=98\" \/>\n<meta property=\"og:site_name\" content=\"\u017b\u0142obek Bobas\" \/>\n<meta property=\"article:publisher\" content=\"https:\/\/www.facebook.com\/Zlobek-Bobas-1416590331992842\/\" \/>\n<meta property=\"article:modified_time\" content=\"2020-11-03T18:53:28+00:00\" \/>\n<meta property=\"og:image\" content=\"http:\/\/www.zlobek-bobas.pl\/wp-content\/uploads\/2020\/11\/EFS_kolor-300dpi_RGB-1024x87.jpg\" \/>\n<meta name=\"twitter:card\" content=\"summary_large_image\" \/>\n<meta name=\"twitter:label1\" content=\"Est. reading time\">\n\t<meta name=\"twitter:data1\" content=\"0 minut\">\n<script type=\"application\/ld+json\" class=\"yoast-schema-graph\">{\"@context\":\"https:\/\/schema.org\",\"@graph\":[{\"@type\":\"Organization\",\"@id\":\"https:\/\/www.zlobek-bobas.pl\/#organization\",\"name\":\"\\u017b\\u0142obek Bobas\",\"url\":\"https:\/\/www.zlobek-bobas.pl\/\",\"sameAs\":[\"https:\/\/www.facebook.com\/Zlobek-Bobas-1416590331992842\/\"],\"logo\":{\"@type\":\"ImageObject\",\"@id\":\"https:\/\/www.zlobek-bobas.pl\/#logo\",\"inLanguage\":\"pl-PL\",\"url\":\"https:\/\/www.zlobek-bobas.pl\/wp-content\/uploads\/2019\/12\/bobastlo.png\",\"width\":1437,\"height\":785,\"caption\":\"\\u017b\\u0142obek Bobas\"},\"image\":{\"@id\":\"https:\/\/www.zlobek-bobas.pl\/#logo\"}},{\"@type\":\"WebSite\",\"@id\":\"https:\/\/www.zlobek-bobas.pl\/#website\",\"url\":\"https:\/\/www.zlobek-bobas.pl\/\",\"name\":\"\\u017b\\u0142obek Bobas\",\"description\":\"Strona pierwszego prywatnego \\u017c\\u0142obka w Tuchowie\",\"publisher\":{\"@id\":\"https:\/\/www.zlobek-bobas.pl\/#organization\"},\"potentialAction\":[{\"@type\":\"SearchAction\",\"target\":\"https:\/\/www.zlobek-bobas.pl\/?s={search_term_string}\",\"query-input\":\"required name=search_term_string\"}],\"inLanguage\":\"pl-PL\"},{\"@type\":\"ImageObject\",\"@id\":\"https:\/\/www.zlobek-bobas.pl\/?page_id=98#primaryimage\",\"inLanguage\":\"pl-PL\",\"url\":\"http:\/\/www.zlobek-bobas.pl\/wp-content\/uploads\/2020\/11\/EFS_kolor-300dpi_RGB-1024x87.jpg\"},{\"@type\":\"WebPage\",\"@id\":\"https:\/\/www.zlobek-bobas.pl\/?page_id=98#webpage\",\"url\":\"https:\/\/www.zlobek-bobas.pl\/?page_id=98\",\"name\":\"Wyprawka - \\u017b\\u0142obek Bobas\",\"isPartOf\":{\"@id\":\"https:\/\/www.zlobek-bobas.pl\/#website\"},\"primaryImageOfPage\":{\"@id\":\"https:\/\/www.zlobek-bobas.pl\/?page_id=98#primaryimage\"},\"datePublished\":\"2019-12-19T11:03:07+00:00\",\"dateModified\":\"2020-11-03T18:53:28+00:00\",\"inLanguage\":\"pl-PL\",\"potentialAction\":[{\"@type\":\"ReadAction\",\"target\":[\"https:\/\/www.zlobek-bobas.pl\/?page_id=98\"]}]}]}<\/script>\n<!-- \/ Yoast SEO plugin. -->","_links":{"self":[{"href":"https:\/\/www.zlobek-bobas.pl\/index.php?rest_route=\/wp\/v2\/pages\/98"}],"collection":[{"href":"https:\/\/www.zlobek-bobas.pl\/index.php?rest_route=\/wp\/v2\/pages"}],"about":[{"href":"https:\/\/www.zlobek-bobas.pl\/index.php?rest_route=\/wp\/v2\/types\/page"}],"author":[{"embeddable":true,"href":"https:\/\/www.zlobek-bobas.pl\/index.php?rest_route=\/wp\/v2\/users\/1"}],"replies":[{"embeddable":true,"href":"https:\/\/www.zlobek-bobas.pl\/index.php?rest_route=%2Fwp%2Fv2%2Fcomments&post=98"}],"version-history":[{"count":6,"href":"https:\/\/www.zlobek-bobas.pl\/index.php?rest_route=\/wp\/v2\/pages\/98\/revisions"}],"predecessor-version":[{"id":678,"href":"https:\/\/www.zlobek-bobas.pl\/index.php?rest_route=\/wp\/v2\/pages\/98\/revisions\/678"}],"wp:attachment":[{"href":"https:\/\/www.zlobek-bobas.pl\/index.php?rest_route=%2Fwp%2Fv2%2Fmedia&parent=98"}],"curies":[{"name":"wp","href":"https:\/\/api.w.org\/{rel}","templated":true}]}}