{"id":96,"date":"2019-12-19T12:02:47","date_gmt":"2019-12-19T11:02:47","guid":{"rendered":"http:\/\/www.zlobek-bobas.pl\/?page_id=96"},"modified":"2026-03-27T18:53:00","modified_gmt":"2026-03-27T17:53:00","slug":"cennik","status":"publish","type":"page","link":"https:\/\/www.zlobek-bobas.pl\/?page_id=96","title":{"rendered":"Cennik"},"content":{"rendered":"\t\t<div data-elementor-type=\"wp-page\" data-elementor-id=\"96\" class=\"elementor elementor-96\" data-elementor-settings=\"[]\">\n\t\t\t\t\t\t<div class=\"elementor-inner\">\n\t\t\t\t\t\t\t<div class=\"elementor-section-wrap\">\n\t\t\t\t\t\t\t<section class=\"elementor-section elementor-top-section elementor-element elementor-element-7604dd78 elementor-section-content-middle elementor-section-boxed elementor-section-height-default elementor-section-height-default elementor-invisible\" data-id=\"7604dd78\" data-element_type=\"section\" data-settings=\"{&quot;animation&quot;:&quot;fadeIn&quot;}\">\n\t\t\t\t\t\t<div class=\"elementor-container elementor-column-gap-no\">\n\t\t\t\t\t\t\t<div class=\"elementor-row\">\n\t\t\t\t\t<div class=\"elementor-column elementor-col-100 elementor-top-column elementor-element elementor-element-5b3dc891\" data-id=\"5b3dc891\" data-element_type=\"column\">\n\t\t\t<div class=\"elementor-column-wrap elementor-element-populated\">\n\t\t\t\t\t\t\t<div class=\"elementor-widget-wrap\">\n\t\t\t\t\t\t<div class=\"elementor-element elementor-element-31940fa8 elementor-widget elementor-widget-heading\" data-id=\"31940fa8\" data-element_type=\"widget\" data-widget_type=\"heading.default\">\n\t\t\t\t<div class=\"elementor-widget-container\">\n\t\t\t<h4 class=\"elementor-heading-title elementor-size-default\">Cennik<\/h4>\t\t<\/div>\n\t\t\t\t<\/div>\n\t\t\t\t<section class=\"elementor-section elementor-inner-section elementor-element elementor-element-46171f7b elementor-section-content-middle elementor-section-boxed elementor-section-height-default elementor-section-height-default\" data-id=\"46171f7b\" data-element_type=\"section\">\n\t\t\t\t\t\t<div class=\"elementor-container elementor-column-gap-no\">\n\t\t\t\t\t\t\t<div class=\"elementor-row\">\n\t\t\t\t\t<div class=\"elementor-column elementor-col-50 elementor-inner-column elementor-element elementor-element-359f435d\" data-id=\"359f435d\" data-element_type=\"column\">\n\t\t\t<div class=\"elementor-column-wrap elementor-element-populated\">\n\t\t\t\t\t\t\t<div class=\"elementor-widget-wrap\">\n\t\t\t\t\t\t<div class=\"elementor-element elementor-element-2106b234 elementor-widget elementor-widget-image\" data-id=\"2106b234\" data-element_type=\"widget\" data-widget_type=\"image.default\">\n\t\t\t\t<div class=\"elementor-widget-container\">\n\t\t\t\t\t<div class=\"elementor-image\">\n\t\t\t\t\t\t\t\t\t\t<img width=\"762\" height=\"1024\" src=\"https:\/\/www.zlobek-bobas.pl\/wp-content\/uploads\/2019\/12\/78883971_584336372331004_1946003029882830848_n-762x1024.jpg\" class=\"attachment-large size-large\" alt=\"\" loading=\"lazy\" srcset=\"https:\/\/www.zlobek-bobas.pl\/wp-content\/uploads\/2019\/12\/78883971_584336372331004_1946003029882830848_n-762x1024.jpg 762w, https:\/\/www.zlobek-bobas.pl\/wp-content\/uploads\/2019\/12\/78883971_584336372331004_1946003029882830848_n-223x300.jpg 223w, https:\/\/www.zlobek-bobas.pl\/wp-content\/uploads\/2019\/12\/78883971_584336372331004_1946003029882830848_n-768x1032.jpg 768w, https:\/\/www.zlobek-bobas.pl\/wp-content\/uploads\/2019\/12\/78883971_584336372331004_1946003029882830848_n.jpg 1488w\" sizes=\"(max-width: 762px) 100vw, 762px\" \/>\t\t\t\t\t\t\t\t\t\t\t<\/div>\n\t\t\t\t<\/div>\n\t\t\t\t<\/div>\n\t\t\t\t\t\t<\/div>\n\t\t\t\t\t<\/div>\n\t\t<\/div>\n\t\t\t\t<div class=\"elementor-column elementor-col-50 elementor-inner-column elementor-element elementor-element-48cb39c0\" data-id=\"48cb39c0\" data-element_type=\"column\">\n\t\t\t<div class=\"elementor-column-wrap elementor-element-populated\">\n\t\t\t\t\t\t\t<div class=\"elementor-widget-wrap\">\n\t\t\t\t\t\t<div class=\"elementor-element elementor-element-64d8dda1 elementor-widget elementor-widget-heading\" data-id=\"64d8dda1\" data-element_type=\"widget\" data-widget_type=\"heading.default\">\n\t\t\t\t<div class=\"elementor-widget-container\">\n\t\t\t<h2 class=\"elementor-heading-title elementor-size-default\">Wpisowe 300 z\u0142<\/h2>\t\t<\/div>\n\t\t\t\t<\/div>\n\t\t\t\t<div class=\"elementor-element elementor-element-5ab7e2d8 elementor-widget elementor-widget-text-editor\" data-id=\"5ab7e2d8\" data-element_type=\"widget\" data-widget_type=\"text-editor.default\">\n\t\t\t\t<div class=\"elementor-widget-container\">\n\t\t\t\t\t<div class=\"elementor-text-editor elementor-clearfix\"><p>Jest to jednorazowa op\u0142ata, kt\u00f3r\u0105 dokonuj\u0105 Pa\u0144stwo przy podpisaniu umowy.\u00a0 Zapewnia ona dziecku miejsce w \u017c\u0142obku. Obejmuje ubezpieczenie NNW, po\u015bciel, chusteczki nawil\u017cane, kremy piel\u0119gnacyjne i pomoce dydaktyczne. Wpisowe nie podlega zwrotowi.<\/p><\/div>\n\t\t\t\t<\/div>\n\t\t\t\t<\/div>\n\t\t\t\t\t\t<\/div>\n\t\t\t\t\t<\/div>\n\t\t<\/div>\n\t\t\t\t\t\t\t\t<\/div>\n\t\t\t\t\t<\/div>\n\t\t<\/section>\n\t\t\t\t<section class=\"elementor-section elementor-inner-section elementor-element elementor-element-e3a458c elementor-section-boxed elementor-section-height-default elementor-section-height-default\" data-id=\"e3a458c\" data-element_type=\"section\">\n\t\t\t\t\t\t<div class=\"elementor-container elementor-column-gap-default\">\n\t\t\t\t\t\t\t<div class=\"elementor-row\">\n\t\t\t\t\t<div class=\"elementor-column elementor-col-100 elementor-inner-column elementor-element elementor-element-258d15d\" data-id=\"258d15d\" data-element_type=\"column\">\n\t\t\t<div class=\"elementor-column-wrap elementor-element-populated\">\n\t\t\t\t\t\t\t<div class=\"elementor-widget-wrap\">\n\t\t\t\t\t\t<div class=\"elementor-element elementor-element-049db64 elementor-widget-divider--view-line elementor-widget elementor-widget-divider\" data-id=\"049db64\" data-element_type=\"widget\" data-widget_type=\"divider.default\">\n\t\t\t\t<div class=\"elementor-widget-container\">\n\t\t\t\t\t<div class=\"elementor-divider\">\n\t\t\t<span class=\"elementor-divider-separator\">\n\t\t\t\t\t\t<\/span>\n\t\t<\/div>\n\t\t\t\t<\/div>\n\t\t\t\t<\/div>\n\t\t\t\t\t\t<\/div>\n\t\t\t\t\t<\/div>\n\t\t<\/div>\n\t\t\t\t\t\t\t\t<\/div>\n\t\t\t\t\t<\/div>\n\t\t<\/section>\n\t\t\t\t<section class=\"elementor-section elementor-inner-section elementor-element elementor-element-1f1f3e6b elementor-section-content-middle elementor-reverse-mobile elementor-section-boxed elementor-section-height-default elementor-section-height-default\" data-id=\"1f1f3e6b\" data-element_type=\"section\">\n\t\t\t\t\t\t<div class=\"elementor-container elementor-column-gap-no\">\n\t\t\t\t\t\t\t<div class=\"elementor-row\">\n\t\t\t\t\t<div class=\"elementor-column elementor-col-50 elementor-inner-column elementor-element elementor-element-3687713e\" data-id=\"3687713e\" data-element_type=\"column\">\n\t\t\t<div class=\"elementor-column-wrap elementor-element-populated\">\n\t\t\t\t\t\t\t<div class=\"elementor-widget-wrap\">\n\t\t\t\t\t\t<div class=\"elementor-element elementor-element-740c3826 elementor-widget elementor-widget-heading\" data-id=\"740c3826\" data-element_type=\"widget\" data-widget_type=\"heading.default\">\n\t\t\t\t<div class=\"elementor-widget-container\">\n\t\t\t<h2 class=\"elementor-heading-title elementor-size-default\">Op\u0142ata miesi\u0119czna \n0 z\u0142 <\/h2>\t\t<\/div>\n\t\t\t\t<\/div>\n\t\t\t\t<div class=\"elementor-element elementor-element-2201526f elementor-widget elementor-widget-text-editor\" data-id=\"2201526f\" data-element_type=\"widget\" data-widget_type=\"text-editor.default\">\n\t\t\t\t<div class=\"elementor-widget-container\">\n\t\t\t\t\t<div class=\"elementor-text-editor elementor-clearfix\"><ul><li>Obni\u017cenie op\u0142aty za pobyt dziecka w \u017c\u0142obku z Programu \u201eAktywnie w \u017c\u0142obku\u201d. Kwota dofinansowania wynosi 1500 z\u0142.<\/li><li>Opieka do 10 godz. dziennie przez 1 miesi\u0105c<\/li><li>Zaj\u0119cia dodatkowe<\/li><li>Przy zapisie rodze\u0144stwa 10% zni\u017cki<\/li><li>\u015arodki piel\u0119gnacyjne <strong>*<\/strong><\/li><\/ul><p><span style=\"color: red;\">*\u015brodki piel\u0119gnacyjne nie uwzgl\u0119dniaj\u0105 pampers\u00f3w<\/span><\/p><\/div>\n\t\t\t\t<\/div>\n\t\t\t\t<\/div>\n\t\t\t\t\t\t<\/div>\n\t\t\t\t\t<\/div>\n\t\t<\/div>\n\t\t\t\t<div class=\"elementor-column elementor-col-50 elementor-inner-column elementor-element elementor-element-13896634\" data-id=\"13896634\" data-element_type=\"column\">\n\t\t\t<div class=\"elementor-column-wrap elementor-element-populated\">\n\t\t\t\t\t\t\t<div class=\"elementor-widget-wrap\">\n\t\t\t\t\t\t<div class=\"elementor-element elementor-element-2d8642e0 elementor-widget elementor-widget-image\" data-id=\"2d8642e0\" data-element_type=\"widget\" data-widget_type=\"image.default\">\n\t\t\t\t<div class=\"elementor-widget-container\">\n\t\t\t\t\t<div class=\"elementor-image\">\n\t\t\t\t\t\t\t\t\t\t<img width=\"821\" height=\"616\" src=\"https:\/\/www.zlobek-bobas.pl\/wp-content\/uploads\/2019\/12\/79465272_774160433058757_2509255422016225280_n-1024x768.jpg\" class=\"attachment-large size-large\" alt=\"\" loading=\"lazy\" srcset=\"https:\/\/www.zlobek-bobas.pl\/wp-content\/uploads\/2019\/12\/79465272_774160433058757_2509255422016225280_n-1024x768.jpg 1024w, https:\/\/www.zlobek-bobas.pl\/wp-content\/uploads\/2019\/12\/79465272_774160433058757_2509255422016225280_n-300x225.jpg 300w, https:\/\/www.zlobek-bobas.pl\/wp-content\/uploads\/2019\/12\/79465272_774160433058757_2509255422016225280_n-768x576.jpg 768w, https:\/\/www.zlobek-bobas.pl\/wp-content\/uploads\/2019\/12\/79465272_774160433058757_2509255422016225280_n.jpg 2000w\" sizes=\"(max-width: 821px) 100vw, 821px\" \/>\t\t\t\t\t\t\t\t\t\t\t<\/div>\n\t\t\t\t<\/div>\n\t\t\t\t<\/div>\n\t\t\t\t\t\t<\/div>\n\t\t\t\t\t<\/div>\n\t\t<\/div>\n\t\t\t\t\t\t\t\t<\/div>\n\t\t\t\t\t<\/div>\n\t\t<\/section>\n\t\t\t\t<section class=\"elementor-section elementor-inner-section elementor-element elementor-element-bb30184 elementor-section-boxed elementor-section-height-default elementor-section-height-default\" data-id=\"bb30184\" data-element_type=\"section\">\n\t\t\t\t\t\t<div class=\"elementor-container elementor-column-gap-default\">\n\t\t\t\t\t\t\t<div class=\"elementor-row\">\n\t\t\t\t\t<div class=\"elementor-column elementor-col-100 elementor-inner-column elementor-element elementor-element-08cd10f\" data-id=\"08cd10f\" data-element_type=\"column\">\n\t\t\t<div class=\"elementor-column-wrap elementor-element-populated\">\n\t\t\t\t\t\t\t<div class=\"elementor-widget-wrap\">\n\t\t\t\t\t\t<div class=\"elementor-element elementor-element-28cdad5 elementor-widget-divider--view-line elementor-widget elementor-widget-divider\" data-id=\"28cdad5\" data-element_type=\"widget\" data-widget_type=\"divider.default\">\n\t\t\t\t<div class=\"elementor-widget-container\">\n\t\t\t\t\t<div class=\"elementor-divider\">\n\t\t\t<span class=\"elementor-divider-separator\">\n\t\t\t\t\t\t<\/span>\n\t\t<\/div>\n\t\t\t\t<\/div>\n\t\t\t\t<\/div>\n\t\t\t\t\t\t<\/div>\n\t\t\t\t\t<\/div>\n\t\t<\/div>\n\t\t\t\t\t\t\t\t<\/div>\n\t\t\t\t\t<\/div>\n\t\t<\/section>\n\t\t\t\t<section class=\"elementor-section elementor-inner-section elementor-element elementor-element-6f7de7a elementor-section-content-middle elementor-section-boxed elementor-section-height-default elementor-section-height-default\" data-id=\"6f7de7a\" data-element_type=\"section\">\n\t\t\t\t\t\t<div class=\"elementor-container elementor-column-gap-no\">\n\t\t\t\t\t\t\t<div class=\"elementor-row\">\n\t\t\t\t\t<div class=\"elementor-column elementor-col-50 elementor-inner-column elementor-element elementor-element-2214703\" data-id=\"2214703\" data-element_type=\"column\">\n\t\t\t<div class=\"elementor-column-wrap elementor-element-populated\">\n\t\t\t\t\t\t\t<div class=\"elementor-widget-wrap\">\n\t\t\t\t\t\t<div class=\"elementor-element elementor-element-cfd3190 elementor-widget elementor-widget-image\" data-id=\"cfd3190\" data-element_type=\"widget\" data-widget_type=\"image.default\">\n\t\t\t\t<div class=\"elementor-widget-container\">\n\t\t\t\t\t<div class=\"elementor-image\">\n\t\t\t\t\t\t\t\t\t\t<img width=\"762\" height=\"1024\" src=\"https:\/\/www.zlobek-bobas.pl\/wp-content\/uploads\/2019\/12\/79850046_423966275150747_522397778450579456_n-762x1024.jpg\" class=\"attachment-large size-large\" alt=\"\" loading=\"lazy\" srcset=\"https:\/\/www.zlobek-bobas.pl\/wp-content\/uploads\/2019\/12\/79850046_423966275150747_522397778450579456_n-762x1024.jpg 762w, https:\/\/www.zlobek-bobas.pl\/wp-content\/uploads\/2019\/12\/79850046_423966275150747_522397778450579456_n-223x300.jpg 223w, https:\/\/www.zlobek-bobas.pl\/wp-content\/uploads\/2019\/12\/79850046_423966275150747_522397778450579456_n-768x1032.jpg 768w, https:\/\/www.zlobek-bobas.pl\/wp-content\/uploads\/2019\/12\/79850046_423966275150747_522397778450579456_n.jpg 1488w\" sizes=\"(max-width: 762px) 100vw, 762px\" \/>\t\t\t\t\t\t\t\t\t\t\t<\/div>\n\t\t\t\t<\/div>\n\t\t\t\t<\/div>\n\t\t\t\t\t\t<\/div>\n\t\t\t\t\t<\/div>\n\t\t<\/div>\n\t\t\t\t<div class=\"elementor-column elementor-col-50 elementor-inner-column elementor-element elementor-element-155893f\" data-id=\"155893f\" data-element_type=\"column\">\n\t\t\t<div class=\"elementor-column-wrap elementor-element-populated\">\n\t\t\t\t\t\t\t<div class=\"elementor-widget-wrap\">\n\t\t\t\t\t\t<div class=\"elementor-element elementor-element-b96f3cc elementor-widget elementor-widget-heading\" data-id=\"b96f3cc\" data-element_type=\"widget\" data-widget_type=\"heading.default\">\n\t\t\t\t<div class=\"elementor-widget-container\">\n\t\t\t<h2 class=\"elementor-heading-title elementor-size-default\">Wy\u017cywienie<\/h2>\t\t<\/div>\n\t\t\t\t<\/div>\n\t\t\t\t<div class=\"elementor-element elementor-element-3bb9c92 elementor-widget elementor-widget-text-editor\" data-id=\"3bb9c92\" data-element_type=\"widget\" data-widget_type=\"text-editor.default\">\n\t\t\t\t<div class=\"elementor-widget-container\">\n\t\t\t\t\t<div class=\"elementor-text-editor elementor-clearfix\"><p>Stawka dzienna 18 z\u0142.<\/p><\/div>\n\t\t\t\t<\/div>\n\t\t\t\t<\/div>\n\t\t\t\t\t\t<\/div>\n\t\t\t\t\t<\/div>\n\t\t<\/div>\n\t\t\t\t\t\t\t\t<\/div>\n\t\t\t\t\t<\/div>\n\t\t<\/section>\n\t\t\t\t\t\t<\/div>\n\t\t\t\t\t<\/div>\n\t\t<\/div>\n\t\t\t\t\t\t\t\t<\/div>\n\t\t\t\t\t<\/div>\n\t\t<\/section>\n\t\t\t\t<section class=\"elementor-section elementor-top-section elementor-element elementor-element-1bfcfbd elementor-section-boxed elementor-section-height-default elementor-section-height-default\" data-id=\"1bfcfbd\" data-element_type=\"section\">\n\t\t\t\t\t\t<div class=\"elementor-container elementor-column-gap-default\">\n\t\t\t\t\t\t\t<div class=\"elementor-row\">\n\t\t\t\t\t<div class=\"elementor-column elementor-col-100 elementor-top-column elementor-element elementor-element-66bbed9\" data-id=\"66bbed9\" data-element_type=\"column\">\n\t\t\t<div class=\"elementor-column-wrap elementor-element-populated\">\n\t\t\t\t\t\t\t<div class=\"elementor-widget-wrap\">\n\t\t\t\t\t\t<div class=\"elementor-element elementor-element-4e26cea elementor-widget elementor-widget-spacer\" data-id=\"4e26cea\" data-element_type=\"widget\" data-widget_type=\"spacer.default\">\n\t\t\t\t<div class=\"elementor-widget-container\">\n\t\t\t\t\t<div class=\"elementor-spacer\">\n\t\t\t<div class=\"elementor-spacer-inner\"><\/div>\n\t\t<\/div>\n\t\t\t\t<\/div>\n\t\t\t\t<\/div>\n\t\t\t\t\t\t<\/div>\n\t\t\t\t\t<\/div>\n\t\t<\/div>\n\t\t\t\t\t\t\t\t<\/div>\n\t\t\t\t\t<\/div>\n\t\t<\/section>\n\t\t\t\t<section class=\"elementor-section elementor-top-section elementor-element elementor-element-e2b9862 elementor-section-boxed elementor-section-height-default elementor-section-height-default\" data-id=\"e2b9862\" data-element_type=\"section\">\n\t\t\t\t\t\t<div class=\"elementor-container elementor-column-gap-default\">\n\t\t\t\t\t\t\t<div class=\"elementor-row\">\n\t\t\t\t\t<div class=\"elementor-column elementor-col-100 elementor-top-column elementor-element elementor-element-ab70662\" data-id=\"ab70662\" data-element_type=\"column\">\n\t\t\t<div class=\"elementor-column-wrap elementor-element-populated\">\n\t\t\t\t\t\t\t<div class=\"elementor-widget-wrap\">\n\t\t\t\t\t\t<div class=\"elementor-element elementor-element-a58629d elementor-widget elementor-widget-image\" data-id=\"a58629d\" data-element_type=\"widget\" data-widget_type=\"image.default\">\n\t\t\t\t<div class=\"elementor-widget-container\">\n\t\t\t\t\t<div class=\"elementor-image\">\n\t\t\t\t\t\t\t\t\t\t<img width=\"821\" height=\"70\" src=\"https:\/\/www.zlobek-bobas.pl\/wp-content\/uploads\/2020\/11\/EFS_kolor-300dpi_RGB-1024x87.jpg\" class=\"attachment-large size-large\" alt=\"\" loading=\"lazy\" srcset=\"https:\/\/www.zlobek-bobas.pl\/wp-content\/uploads\/2020\/11\/EFS_kolor-300dpi_RGB-1024x87.jpg 1024w, https:\/\/www.zlobek-bobas.pl\/wp-content\/uploads\/2020\/11\/EFS_kolor-300dpi_RGB-300x26.jpg 300w, https:\/\/www.zlobek-bobas.pl\/wp-content\/uploads\/2020\/11\/EFS_kolor-300dpi_RGB-768x66.jpg 768w, https:\/\/www.zlobek-bobas.pl\/wp-content\/uploads\/2020\/11\/EFS_kolor-300dpi_RGB-1536x131.jpg 1536w, https:\/\/www.zlobek-bobas.pl\/wp-content\/uploads\/2020\/11\/EFS_kolor-300dpi_RGB-2048x175.jpg 2048w\" sizes=\"(max-width: 821px) 100vw, 821px\" \/>\t\t\t\t\t\t\t\t\t\t\t<\/div>\n\t\t\t\t<\/div>\n\t\t\t\t<\/div>\n\t\t\t\t\t\t<\/div>\n\t\t\t\t\t<\/div>\n\t\t<\/div>\n\t\t\t\t\t\t\t\t<\/div>\n\t\t\t\t\t<\/div>\n\t\t<\/section>\n\t\t\t\t\t\t<\/div>\n\t\t\t\t\t\t<\/div>\n\t\t\t\t\t<\/div>\n\t\t","protected":false},"excerpt":{"rendered":"<p>Cennik Wpisowe 300 z\u0142 Jest to jednorazowa op\u0142ata, kt\u00f3r\u0105 dokonuj\u0105 Pa\u0144stwo przy podpisaniu umowy.\u00a0 Zapewnia ona dziecku miejsce w \u017c\u0142obku. Obejmuje ubezpieczenie NNW, po\u015bciel, chusteczki nawil\u017cane, kremy piel\u0119gnacyjne i pomoce dydaktyczne. Wpisowe nie podlega zwrotowi. Op\u0142ata miesi\u0119czna 0 z\u0142 Obni\u017cenie op\u0142aty za pobyt dziecka w \u017c\u0142obku z Programu \u201eAktywnie w \u017c\u0142obku\u201d. Kwota dofinansowania wynosi 1500&hellip;<\/p>\n","protected":false},"author":1,"featured_media":0,"parent":0,"menu_order":0,"comment_status":"closed","ping_status":"closed","template":"","meta":[],"yoast_head":"<!-- This site is optimized with the Yoast SEO plugin v15.5 - https:\/\/yoast.com\/wordpress\/plugins\/seo\/ -->\n<title>Cennik - \u017b\u0142obek Bobas<\/title>\n<meta name=\"robots\" content=\"index, follow, max-snippet:-1, max-image-preview:large, max-video-preview:-1\" \/>\n<link rel=\"canonical\" href=\"http:\/\/www.zlobek-bobas.pl\/?page_id=96\" \/>\n<meta property=\"og:locale\" content=\"pl_PL\" \/>\n<meta property=\"og:type\" content=\"article\" \/>\n<meta property=\"og:title\" content=\"Cennik - \u017b\u0142obek Bobas\" \/>\n<meta property=\"og:description\" content=\"Cennik Wpisowe 300 z\u0142 Jest to jednorazowa op\u0142ata, kt\u00f3r\u0105 dokonuj\u0105 Pa\u0144stwo przy podpisaniu umowy.\u00a0 Zapewnia ona dziecku miejsce w \u017c\u0142obku. Obejmuje ubezpieczenie NNW, po\u015bciel, chusteczki nawil\u017cane, kremy piel\u0119gnacyjne i pomoce dydaktyczne. Wpisowe nie podlega zwrotowi. Op\u0142ata miesi\u0119czna 0 z\u0142 Obni\u017cenie op\u0142aty za pobyt dziecka w \u017c\u0142obku z Programu \u201eAktywnie w \u017c\u0142obku\u201d. Kwota dofinansowania wynosi 1500&hellip;\" \/>\n<meta property=\"og:url\" content=\"http:\/\/www.zlobek-bobas.pl\/?page_id=96\" \/>\n<meta property=\"og:site_name\" content=\"\u017b\u0142obek Bobas\" \/>\n<meta property=\"article:publisher\" content=\"https:\/\/www.facebook.com\/Zlobek-Bobas-1416590331992842\/\" \/>\n<meta property=\"article:modified_time\" content=\"2026-03-27T17:53:00+00:00\" \/>\n<meta property=\"og:image\" content=\"http:\/\/www.zlobek-bobas.pl\/wp-content\/uploads\/2019\/12\/78883971_584336372331004_1946003029882830848_n-762x1024.jpg\" \/>\n<meta name=\"twitter:card\" content=\"summary_large_image\" \/>\n<meta name=\"twitter:label1\" content=\"Est. reading time\">\n\t<meta name=\"twitter:data1\" content=\"0 minut\">\n<script type=\"application\/ld+json\" class=\"yoast-schema-graph\">{\"@context\":\"https:\/\/schema.org\",\"@graph\":[{\"@type\":\"Organization\",\"@id\":\"https:\/\/www.zlobek-bobas.pl\/#organization\",\"name\":\"\\u017b\\u0142obek Bobas\",\"url\":\"https:\/\/www.zlobek-bobas.pl\/\",\"sameAs\":[\"https:\/\/www.facebook.com\/Zlobek-Bobas-1416590331992842\/\"],\"logo\":{\"@type\":\"ImageObject\",\"@id\":\"https:\/\/www.zlobek-bobas.pl\/#logo\",\"inLanguage\":\"pl-PL\",\"url\":\"https:\/\/www.zlobek-bobas.pl\/wp-content\/uploads\/2019\/12\/bobastlo.png\",\"width\":1437,\"height\":785,\"caption\":\"\\u017b\\u0142obek Bobas\"},\"image\":{\"@id\":\"https:\/\/www.zlobek-bobas.pl\/#logo\"}},{\"@type\":\"WebSite\",\"@id\":\"https:\/\/www.zlobek-bobas.pl\/#website\",\"url\":\"https:\/\/www.zlobek-bobas.pl\/\",\"name\":\"\\u017b\\u0142obek Bobas\",\"description\":\"Strona pierwszego prywatnego \\u017c\\u0142obka w Tuchowie\",\"publisher\":{\"@id\":\"https:\/\/www.zlobek-bobas.pl\/#organization\"},\"potentialAction\":[{\"@type\":\"SearchAction\",\"target\":\"https:\/\/www.zlobek-bobas.pl\/?s={search_term_string}\",\"query-input\":\"required name=search_term_string\"}],\"inLanguage\":\"pl-PL\"},{\"@type\":\"ImageObject\",\"@id\":\"http:\/\/www.zlobek-bobas.pl\/?page_id=96#primaryimage\",\"inLanguage\":\"pl-PL\",\"url\":\"http:\/\/www.zlobek-bobas.pl\/wp-content\/uploads\/2019\/12\/78883971_584336372331004_1946003029882830848_n-762x1024.jpg\"},{\"@type\":\"WebPage\",\"@id\":\"http:\/\/www.zlobek-bobas.pl\/?page_id=96#webpage\",\"url\":\"http:\/\/www.zlobek-bobas.pl\/?page_id=96\",\"name\":\"Cennik - \\u017b\\u0142obek Bobas\",\"isPartOf\":{\"@id\":\"https:\/\/www.zlobek-bobas.pl\/#website\"},\"primaryImageOfPage\":{\"@id\":\"http:\/\/www.zlobek-bobas.pl\/?page_id=96#primaryimage\"},\"datePublished\":\"2019-12-19T11:02:47+00:00\",\"dateModified\":\"2026-03-27T17:53:00+00:00\",\"inLanguage\":\"pl-PL\",\"potentialAction\":[{\"@type\":\"ReadAction\",\"target\":[\"http:\/\/www.zlobek-bobas.pl\/?page_id=96\"]}]}]}<\/script>\n<!-- \/ Yoast SEO plugin. -->","_links":{"self":[{"href":"https:\/\/www.zlobek-bobas.pl\/index.php?rest_route=\/wp\/v2\/pages\/96"}],"collection":[{"href":"https:\/\/www.zlobek-bobas.pl\/index.php?rest_route=\/wp\/v2\/pages"}],"about":[{"href":"https:\/\/www.zlobek-bobas.pl\/index.php?rest_route=\/wp\/v2\/types\/page"}],"author":[{"embeddable":true,"href":"https:\/\/www.zlobek-bobas.pl\/index.php?rest_route=\/wp\/v2\/users\/1"}],"replies":[{"embeddable":true,"href":"https:\/\/www.zlobek-bobas.pl\/index.php?rest_route=%2Fwp%2Fv2%2Fcomments&post=96"}],"version-history":[{"count":69,"href":"https:\/\/www.zlobek-bobas.pl\/index.php?rest_route=\/wp\/v2\/pages\/96\/revisions"}],"predecessor-version":[{"id":957,"href":"https:\/\/www.zlobek-bobas.pl\/index.php?rest_route=\/wp\/v2\/pages\/96\/revisions\/957"}],"wp:attachment":[{"href":"https:\/\/www.zlobek-bobas.pl\/index.php?rest_route=%2Fwp%2Fv2%2Fmedia&parent=96"}],"curies":[{"name":"wp","href":"https:\/\/api.w.org\/{rel}","templated":true}]}}